 {"id":1880,"date":"2022-03-24T21:32:45","date_gmt":"2022-03-25T00:32:45","guid":{"rendered":"http:\/\/fateczonasul.edu.br\/?page_id=1880"},"modified":"2022-08-01T11:11:06","modified_gmt":"2022-08-01T14:11:06","slug":"enviar-exame-de-proficiencia-e-ou-projeto-de-haes","status":"publish","type":"page","link":"https:\/\/fateczonasul.edu.br\/index.php\/enviar-exame-de-proficiencia-e-ou-projeto-de-haes\/","title":{"rendered":"Enviar Exame de Profici\u00eancia e\/ou Projeto de HAEs"},"content":{"rendered":"\n<section class=\"wp-block-uagb-section uagb-section__wrap uagb-section__background-undefined uagb-block-b6b4bf49\"><div class=\"uagb-section__overlay\"><\/div><div class=\"uagb-section__inner-wrap\">\n<section class=\"wp-block-uagb-columns uagb-columns__wrap uagb-columns__background-undefined uagb-columns__stack-mobile uagb-columns__valign-undefined uagb-columns__gap-10 alignundefined uagb-block-d27cbca2\"><div class=\"uagb-columns__overlay\"><\/div><div class=\"uagb-columns__inner-wrap uagb-columns__columns-2\">\n<div class=\"wp-block-uagb-column uagb-column__wrap uagb-column__background-undefined uagb-block-601ad0d4\"><div class=\"uagb-column__overlay\"><\/div><div class=\"uagb-column__inner-wrap\">\n<div class=\"wp-block-uagb-advanced-heading uagb-block-36426266\"><h1 class=\"uagb-heading-text\"><\/h1><div class=\"uagb-separator-wrap\"><div class=\"uagb-separator\"><\/div><\/div><p class=\"uagb-desc-text\"><\/p><\/div>\n\n\n\n<div class=\"wp-block-uagb-advanced-heading uagb-block-0e7372b9\"><h2 class=\"uagb-heading-text\"><strong>Envio de Provas de Profici\u00eancia<\/strong><\/h2><p class=\"uagb-desc-text\">A prova de profici\u00eancia dever\u00e1 ser composta por 30 quest\u00f5es de m\u00faltipla escolha e 3 quest\u00f5es dissertativas.<br>Dever\u00e1 ser enviada no formato .docx e o gabarito deve estar no mesmo arquivo.<br><br>Regras para nomear o arquivo:<br><strong>C\u00f3digo da Disciplina + o seu Nome + Turno<\/strong><br>Por exemplo:<br>ILP007_Luciana_Matutino.docx<br><br><a rel=\"noreferrer noopener\" href=\"https:\/\/forms.office.com\/r\/Rzs2YEYeZq\" target=\"_blank\"><strong>Clique aqui para enviar!<\/strong><\/a><\/p><\/div>\n\n\n\n<div style=\"height:45px\" aria-hidden=\"true\" class=\"wp-block-spacer\"><\/div>\n\n\n\n<div class=\"wp-block-uagb-advanced-heading uagb-block-a43cd306\"><h2 class=\"uagb-heading-text\"><strong>Envio de Projeto de HAEs<\/strong><\/h2><p class=\"uagb-desc-text\">Regras para nomear o arquivo:<br><strong>O seu Nome + Projeto_HAEs<\/strong><br>Por exemplo:<br>LucianaZapparolli_Projeto_HAEs.docx<br><br><strong><a href=\"https:\/\/forms.office.com\/r\/nq4AKABBFv\">Clique aqui para enviar!<\/a><\/strong><\/p><\/div>\n<\/div><\/div>\n\n\n\n<div class=\"wp-block-uagb-column uagb-column__wrap uagb-column__background-undefined uagb-block-768cd66b\"><div class=\"uagb-column__overlay\"><\/div><div class=\"uagb-column__inner-wrap\">\n<section class=\"wp-block-uagb-section uagb-section__wrap uagb-section__background-undefined uagb-block-c1dfe2ab\"><div class=\"uagb-section__overlay\"><\/div><div class=\"uagb-section__inner-wrap\">\n<figure class=\"wp-block-image size-large\"><img loading=\"lazy\" decoding=\"async\" width=\"1024\" height=\"723\" src=\"https:\/\/fateczonasul.edu.br\/wp-content\/uploads\/2021\/09\/ads-1024x723.jpeg\" alt=\"\" class=\"wp-image-581\" srcset=\"https:\/\/fateczonasul.edu.br\/wp-content\/uploads\/2021\/09\/ads-1024x723.jpeg 1024w, https:\/\/fateczonasul.edu.br\/wp-content\/uploads\/2021\/09\/ads-300x212.jpeg 300w, https:\/\/fateczonasul.edu.br\/wp-content\/uploads\/2021\/09\/ads-768x542.jpeg 768w, https:\/\/fateczonasul.edu.br\/wp-content\/uploads\/2021\/09\/ads.jpeg 1280w\" sizes=\"auto, (max-width: 1024px) 100vw, 1024px\" \/><\/figure>\n<\/div><\/section>\n<\/div><\/div>\n<\/div><\/section>\n<\/div><\/section>\n\n\n\n<p><\/p>\n","protected":false},"excerpt":{"rendered":"","protected":false},"author":2,"featured_media":0,"parent":0,"menu_order":0,"comment_status":"closed","ping_status":"closed","template":"","meta":{"_uag_custom_page_level_css":"","site-sidebar-layout":"default","site-content-layout":"default","ast-site-content-layout":"default","site-content-style":"default","site-sidebar-style":"default","ast-global-header-display":"disabled","ast-banner-title-visibility":"","ast-main-header-display":"","ast-hfb-above-header-display":"","ast-hfb-below-header-display":"","ast-hfb-mobile-header-display":"","site-post-title":"disabled","ast-breadcrumbs-content":"","ast-featured-img":"","footer-sml-layout":"disabled","ast-disable-related-posts":"","theme-transparent-header-meta":"default","adv-header-id-meta":"","stick-header-meta":"","header-above-stick-meta":"","header-main-stick-meta":"","header-below-stick-meta":"","astra-migrate-meta-layouts":"default","ast-page-background-enabled":"default","ast-page-background-meta":{"desktop":{"background-color":"var(--ast-global-color-4)","background-image":"","background-repeat":"repeat","background-position":"center center","background-size":"auto","background-attachment":"scroll","background-type":"","background-media":"","overlay-type":"","overlay-color":"","overlay-opacity":"","overlay-gradient":""},"tablet":{"background-color":"","background-image":"","background-repeat":"repeat","background-position":"center center","background-size":"auto","background-attachment":"scroll","background-type":"","background-media":"","overlay-type":"","overlay-color":"","overlay-opacity":"","overlay-gradient":""},"mobile":{"background-color":"","background-image":"","background-repeat":"repeat","background-position":"center center","background-size":"auto","background-attachment":"scroll","background-type":"","background-media":"","overlay-type":"","overlay-color":"","overlay-opacity":"","overlay-gradient":""}},"ast-content-background-meta":{"desktop":{"background-color":"var(--ast-global-color-5)","background-image":"","background-repeat":"repeat","background-position":"center center","background-size":"auto","background-attachment":"scroll","background-type":"","background-media":"","overlay-type":"","overlay-color":"","overlay-opacity":"","overlay-gradient":""},"tablet":{"background-color":"var(--ast-global-color-5)","background-image":"","background-repeat":"repeat","background-position":"center center","background-size":"auto","background-attachment":"scroll","background-type":"","background-media":"","overlay-type":"","overlay-color":"","overlay-opacity":"","overlay-gradient":""},"mobile":{"background-color":"var(--ast-global-color-5)","background-image":"","background-repeat":"repeat","background-position":"center center","background-size":"auto","background-attachment":"scroll","background-type":"","background-media":"","overlay-type":"","overlay-color":"","overlay-opacity":"","overlay-gradient":""}},"footnotes":""},"class_list":["post-1880","page","type-page","status-publish","hentry"],"uagb_featured_image_src":{"full":false,"thumbnail":false,"medium":false,"medium_large":false,"large":false,"1536x1536":false,"2048x2048":false},"uagb_author_info":{"display_name":"Fatec Zona Sul","author_link":"https:\/\/fateczonasul.edu.br\/index.php\/author\/fateczonasul\/"},"uagb_comment_info":0,"uagb_excerpt":null,"_links":{"self":[{"href":"https:\/\/fateczonasul.edu.br\/index.php\/wp-json\/wp\/v2\/pages\/1880","targetHints":{"allow":["GET"]}}],"collection":[{"href":"https:\/\/fateczonasul.edu.br\/index.php\/wp-json\/wp\/v2\/pages"}],"about":[{"href":"https:\/\/fateczonasul.edu.br\/index.php\/wp-json\/wp\/v2\/types\/page"}],"author":[{"embeddable":true,"href":"https:\/\/fateczonasul.edu.br\/index.php\/wp-json\/wp\/v2\/users\/2"}],"replies":[{"embeddable":true,"href":"https:\/\/fateczonasul.edu.br\/index.php\/wp-json\/wp\/v2\/comments?post=1880"}],"version-history":[{"count":11,"href":"https:\/\/fateczonasul.edu.br\/index.php\/wp-json\/wp\/v2\/pages\/1880\/revisions"}],"predecessor-version":[{"id":2273,"href":"https:\/\/fateczonasul.edu.br\/index.php\/wp-json\/wp\/v2\/pages\/1880\/revisions\/2273"}],"wp:attachment":[{"href":"https:\/\/fateczonasul.edu.br\/index.php\/wp-json\/wp\/v2\/media?parent=1880"}],"curies":[{"name":"wp","href":"https:\/\/api.w.org\/{rel}","templated":true}]}}