 {"id":5630,"date":"2025-05-27T07:44:06","date_gmt":"2025-05-27T10:44:06","guid":{"rendered":"https:\/\/fateczonasul.edu.br\/?page_id=5630"},"modified":"2025-05-27T08:17:55","modified_gmt":"2025-05-27T11:17:55","slug":"conheca-a-fatec-zona-sul","status":"publish","type":"page","link":"https:\/\/fateczonasul.edu.br\/index.php\/conheca-a-fatec-zona-sul\/","title":{"rendered":"Conhe\u00e7a a Fatec Zona Sul"},"content":{"rendered":"\n<div class=\"wp-block-uagb-container uagb-block-c59f5f9a alignfull uagb-is-root-container\"><div class=\"uagb-container-inner-blocks-wrap\">\n<div class=\"wp-block-uagb-container uagb-block-6c10fe06\">\n\t\t\t<div class=\"wp-block-uagb-post-masonry uagb-post-grid  uagb-post__image-position-top uagb-post__image-enabled uagb-block-5f586746     uagb-post__items uagb-post__columns-4 is-masonry uagb-post__columns-tablet-2 uagb-post__columns-mobile-1\" data-total=\"3\" style=\"\">\n\n\t\t\t\t\t\t\t\t\t\t\t\t<article class=\"uagb-post__inner-wrap\">\t\t\t\t\t\t\t\t<div class='uagb-post__image'>\n\t\t\t\t\t\t\t\t\t<a href=\"https:\/\/fateczonasul.edu.br\/index.php\/2025\/05\/27\/areas-externas-estacionamento\/\" target=\"_self\" rel=\"bookmark noopener noreferrer\"><img loading=\"lazy\" decoding=\"async\" width=\"771\" height=\"1024\" src=\"https:\/\/fateczonasul.edu.br\/wp-content\/uploads\/2025\/05\/IMG-20240712-WA0008-771x1024.jpg\" class=\"attachment-large size-large\" alt=\"\" srcset=\"https:\/\/fateczonasul.edu.br\/wp-content\/uploads\/2025\/05\/IMG-20240712-WA0008-771x1024.jpg 771w, https:\/\/fateczonasul.edu.br\/wp-content\/uploads\/2025\/05\/IMG-20240712-WA0008-226x300.jpg 226w, https:\/\/fateczonasul.edu.br\/wp-content\/uploads\/2025\/05\/IMG-20240712-WA0008-768x1021.jpg 768w, https:\/\/fateczonasul.edu.br\/wp-content\/uploads\/2025\/05\/IMG-20240712-WA0008-1156x1536.jpg 1156w, https:\/\/fateczonasul.edu.br\/wp-content\/uploads\/2025\/05\/IMG-20240712-WA0008.jpg 1204w\" sizes=\"auto, (max-width: 771px) 100vw, 771px\" \/>\t\t\t\t\t<\/a>\n\t\t\t\t\t\t\t\t\t<\/div>\n\t\t\t\t\t\t<h4 class=\"uagb-post__title uagb-post__text\">\n\t\t\t\t<a href=\"https:\/\/fateczonasul.edu.br\/index.php\/2025\/05\/27\/areas-externas-estacionamento\/\" target=\"_self\" rel=\"bookmark noopener noreferrer\">\u00c1reas Externas &#8211; Estacionamento<\/a>\n\t\t\t<\/h4>\n\t\t\t\t\t\t<div class='uagb-post__text uagb-post-grid-byline'>\n\t\t\t\t\t\t\t<\/div>\n\t\t\t\n\t\t\t\t\t\t\t\t<a class=\"uagb-post__link-complete-box\" href=\"https:\/\/fateczonasul.edu.br\/index.php\/2025\/05\/27\/areas-externas-estacionamento\/\" target=\"_self\" rel=\"bookmark noopener noreferrer\"><\/a>\n\t\t\t\t\t\t\t<\/article>\n\t\t\t\t\t\t\t\t\t\t\t\t\t\t\t\t<article class=\"uagb-post__inner-wrap\">\t\t\t\t\t\t\t\t<div class='uagb-post__image'>\n\t\t\t\t\t\t\t\t\t<a href=\"https:\/\/fateczonasul.edu.br\/index.php\/2025\/05\/27\/auditorio\/\" target=\"_self\" rel=\"bookmark noopener noreferrer\"><img loading=\"lazy\" decoding=\"async\" width=\"1024\" height=\"768\" src=\"https:\/\/fateczonasul.edu.br\/wp-content\/uploads\/2025\/05\/IMG-20240827-WA0049-1024x768.jpg\" class=\"attachment-large size-large\" alt=\"\" srcset=\"https:\/\/fateczonasul.edu.br\/wp-content\/uploads\/2025\/05\/IMG-20240827-WA0049-1024x768.jpg 1024w, https:\/\/fateczonasul.edu.br\/wp-content\/uploads\/2025\/05\/IMG-20240827-WA0049-300x225.jpg 300w, https:\/\/fateczonasul.edu.br\/wp-content\/uploads\/2025\/05\/IMG-20240827-WA0049-768x576.jpg 768w, https:\/\/fateczonasul.edu.br\/wp-content\/uploads\/2025\/05\/IMG-20240827-WA0049.jpg 1280w\" sizes=\"auto, (max-width: 1024px) 100vw, 1024px\" \/>\t\t\t\t\t<\/a>\n\t\t\t\t\t\t\t\t\t<\/div>\n\t\t\t\t\t\t<h4 class=\"uagb-post__title uagb-post__text\">\n\t\t\t\t<a href=\"https:\/\/fateczonasul.edu.br\/index.php\/2025\/05\/27\/auditorio\/\" target=\"_self\" rel=\"bookmark noopener noreferrer\">Audit\u00f3rio<\/a>\n\t\t\t<\/h4>\n\t\t\t\t\t\t<div class='uagb-post__text uagb-post-grid-byline'>\n\t\t\t\t\t\t\t<\/div>\n\t\t\t\n\t\t\t\t\t\t\t\t<a class=\"uagb-post__link-complete-box\" href=\"https:\/\/fateczonasul.edu.br\/index.php\/2025\/05\/27\/auditorio\/\" target=\"_self\" rel=\"bookmark noopener noreferrer\"><\/a>\n\t\t\t\t\t\t\t<\/article>\n\t\t\t\t\t\t\t\t\t\t\t\t\t\t\t\t<article class=\"uagb-post__inner-wrap\">\t\t\t\t\t\t\t\t<div class='uagb-post__image'>\n\t\t\t\t\t\t\t\t\t<a href=\"https:\/\/fateczonasul.edu.br\/index.php\/2025\/05\/27\/banheiros\/\" target=\"_self\" rel=\"bookmark noopener noreferrer\"><img loading=\"lazy\" decoding=\"async\" width=\"1024\" height=\"768\" src=\"https:\/\/fateczonasul.edu.br\/wp-content\/uploads\/2025\/05\/IMG-20230728-WA0039-1024x768.jpg\" class=\"attachment-large size-large\" alt=\"\" srcset=\"https:\/\/fateczonasul.edu.br\/wp-content\/uploads\/2025\/05\/IMG-20230728-WA0039-1024x768.jpg 1024w, https:\/\/fateczonasul.edu.br\/wp-content\/uploads\/2025\/05\/IMG-20230728-WA0039-300x225.jpg 300w, https:\/\/fateczonasul.edu.br\/wp-content\/uploads\/2025\/05\/IMG-20230728-WA0039-768x576.jpg 768w, https:\/\/fateczonasul.edu.br\/wp-content\/uploads\/2025\/05\/IMG-20230728-WA0039.jpg 1280w\" sizes=\"auto, (max-width: 1024px) 100vw, 1024px\" \/>\t\t\t\t\t<\/a>\n\t\t\t\t\t\t\t\t\t<\/div>\n\t\t\t\t\t\t<h4 class=\"uagb-post__title uagb-post__text\">\n\t\t\t\t<a href=\"https:\/\/fateczonasul.edu.br\/index.php\/2025\/05\/27\/banheiros\/\" target=\"_self\" rel=\"bookmark noopener noreferrer\">Banheiros<\/a>\n\t\t\t<\/h4>\n\t\t\t\t\t\t<div class='uagb-post__text uagb-post-grid-byline'>\n\t\t\t\t\t\t\t<\/div>\n\t\t\t\n\t\t\t\t\t\t\t\t<a class=\"uagb-post__link-complete-box\" href=\"https:\/\/fateczonasul.edu.br\/index.php\/2025\/05\/27\/banheiros\/\" target=\"_self\" rel=\"bookmark noopener noreferrer\"><\/a>\n\t\t\t\t\t\t\t<\/article>\n\t\t\t\t\t\t\t\t\t\t\t\t\t\t\t\t<article class=\"uagb-post__inner-wrap\">\t\t\t\t\t\t\t\t<div class='uagb-post__image'>\n\t\t\t\t\t\t\t\t\t<a href=\"https:\/\/fateczonasul.edu.br\/index.php\/2025\/05\/27\/biblioteca-salas-internas\/\" target=\"_self\" rel=\"bookmark noopener noreferrer\"><img loading=\"lazy\" decoding=\"async\" width=\"1024\" height=\"768\" src=\"https:\/\/fateczonasul.edu.br\/wp-content\/uploads\/2025\/05\/IMG_20250521_090438479-1024x768.jpg\" class=\"attachment-large size-large\" alt=\"\" srcset=\"https:\/\/fateczonasul.edu.br\/wp-content\/uploads\/2025\/05\/IMG_20250521_090438479-1024x768.jpg 1024w, https:\/\/fateczonasul.edu.br\/wp-content\/uploads\/2025\/05\/IMG_20250521_090438479-300x225.jpg 300w, https:\/\/fateczonasul.edu.br\/wp-content\/uploads\/2025\/05\/IMG_20250521_090438479-768x576.jpg 768w, https:\/\/fateczonasul.edu.br\/wp-content\/uploads\/2025\/05\/IMG_20250521_090438479-1536x1152.jpg 1536w, https:\/\/fateczonasul.edu.br\/wp-content\/uploads\/2025\/05\/IMG_20250521_090438479-2048x1536.jpg 2048w\" sizes=\"auto, (max-width: 1024px) 100vw, 1024px\" \/>\t\t\t\t\t<\/a>\n\t\t\t\t\t\t\t\t\t<\/div>\n\t\t\t\t\t\t<h4 class=\"uagb-post__title uagb-post__text\">\n\t\t\t\t<a href=\"https:\/\/fateczonasul.edu.br\/index.php\/2025\/05\/27\/biblioteca-salas-internas\/\" target=\"_self\" rel=\"bookmark noopener noreferrer\">Biblioteca &#8211; Salas Internas<\/a>\n\t\t\t<\/h4>\n\t\t\t\t\t\t<div class='uagb-post__text uagb-post-grid-byline'>\n\t\t\t\t\t\t\t<\/div>\n\t\t\t\n\t\t\t\t\t\t\t\t<a class=\"uagb-post__link-complete-box\" href=\"https:\/\/fateczonasul.edu.br\/index.php\/2025\/05\/27\/biblioteca-salas-internas\/\" target=\"_self\" rel=\"bookmark noopener noreferrer\"><\/a>\n\t\t\t\t\t\t\t<\/article>\n\t\t\t\t\t\t\t\t\t\t\t\t\t\t\t\t<article class=\"uagb-post__inner-wrap\">\t\t\t\t\t\t\t\t<div class='uagb-post__image'>\n\t\t\t\t\t\t\t\t\t<a href=\"https:\/\/fateczonasul.edu.br\/index.php\/2025\/05\/27\/copa-cozinha-dos-funcionarios\/\" target=\"_self\" rel=\"bookmark noopener noreferrer\"><img loading=\"lazy\" decoding=\"async\" width=\"768\" height=\"1024\" src=\"https:\/\/fateczonasul.edu.br\/wp-content\/uploads\/2025\/05\/IMG-20230226-WA0018-768x1024.jpg\" class=\"attachment-large size-large\" alt=\"\" srcset=\"https:\/\/fateczonasul.edu.br\/wp-content\/uploads\/2025\/05\/IMG-20230226-WA0018-768x1024.jpg 768w, https:\/\/fateczonasul.edu.br\/wp-content\/uploads\/2025\/05\/IMG-20230226-WA0018-225x300.jpg 225w, https:\/\/fateczonasul.edu.br\/wp-content\/uploads\/2025\/05\/IMG-20230226-WA0018-1152x1536.jpg 1152w, https:\/\/fateczonasul.edu.br\/wp-content\/uploads\/2025\/05\/IMG-20230226-WA0018.jpg 1200w\" sizes=\"auto, (max-width: 768px) 100vw, 768px\" \/>\t\t\t\t\t<\/a>\n\t\t\t\t\t\t\t\t\t<\/div>\n\t\t\t\t\t\t<h4 class=\"uagb-post__title uagb-post__text\">\n\t\t\t\t<a href=\"https:\/\/fateczonasul.edu.br\/index.php\/2025\/05\/27\/copa-cozinha-dos-funcionarios\/\" target=\"_self\" rel=\"bookmark noopener noreferrer\">Copa-Cozinha dos funcion\u00e1rios<\/a>\n\t\t\t<\/h4>\n\t\t\t\t\t\t<div class='uagb-post__text uagb-post-grid-byline'>\n\t\t\t\t\t\t\t<\/div>\n\t\t\t\n\t\t\t\t\t\t\t\t<a class=\"uagb-post__link-complete-box\" href=\"https:\/\/fateczonasul.edu.br\/index.php\/2025\/05\/27\/copa-cozinha-dos-funcionarios\/\" target=\"_self\" rel=\"bookmark noopener noreferrer\"><\/a>\n\t\t\t\t\t\t\t<\/article>\n\t\t\t\t\t\t\t\t\t\t\t\t\t\t\t\t<article class=\"uagb-post__inner-wrap\">\t\t\t\t\t\t\t\t<div class='uagb-post__image'>\n\t\t\t\t\t\t\t\t\t<a href=\"https:\/\/fateczonasul.edu.br\/index.php\/2025\/05\/27\/corredor-superior-predio-1-diretoria-administracao\/\" target=\"_self\" rel=\"bookmark noopener noreferrer\"><img loading=\"lazy\" decoding=\"async\" width=\"768\" height=\"1024\" src=\"https:\/\/fateczonasul.edu.br\/wp-content\/uploads\/2025\/05\/IMG_20250521_064008941-768x1024.jpg\" class=\"attachment-large size-large\" alt=\"\" srcset=\"https:\/\/fateczonasul.edu.br\/wp-content\/uploads\/2025\/05\/IMG_20250521_064008941-768x1024.jpg 768w, https:\/\/fateczonasul.edu.br\/wp-content\/uploads\/2025\/05\/IMG_20250521_064008941-225x300.jpg 225w, https:\/\/fateczonasul.edu.br\/wp-content\/uploads\/2025\/05\/IMG_20250521_064008941-1152x1536.jpg 1152w, https:\/\/fateczonasul.edu.br\/wp-content\/uploads\/2025\/05\/IMG_20250521_064008941-1536x2048.jpg 1536w, https:\/\/fateczonasul.edu.br\/wp-content\/uploads\/2025\/05\/IMG_20250521_064008941.jpg 1920w\" sizes=\"auto, (max-width: 768px) 100vw, 768px\" \/>\t\t\t\t\t<\/a>\n\t\t\t\t\t\t\t\t\t<\/div>\n\t\t\t\t\t\t<h4 class=\"uagb-post__title uagb-post__text\">\n\t\t\t\t<a href=\"https:\/\/fateczonasul.edu.br\/index.php\/2025\/05\/27\/corredor-superior-predio-1-diretoria-administracao\/\" target=\"_self\" rel=\"bookmark noopener noreferrer\">Corredor Superior &#8211; Pr\u00e9dio 1 &#8211; Diretoria-Administra\u00e7\u00e3o<\/a>\n\t\t\t<\/h4>\n\t\t\t\t\t\t<div class='uagb-post__text uagb-post-grid-byline'>\n\t\t\t\t\t\t\t<\/div>\n\t\t\t\n\t\t\t\t\t\t\t\t<a class=\"uagb-post__link-complete-box\" href=\"https:\/\/fateczonasul.edu.br\/index.php\/2025\/05\/27\/corredor-superior-predio-1-diretoria-administracao\/\" target=\"_self\" rel=\"bookmark noopener noreferrer\"><\/a>\n\t\t\t\t\t\t\t<\/article>\n\t\t\t\t\t\t\t\t\t\t\t\t\t\t\t<div class=\"uagb-post-inf-loader\" style=\"display: none;\">\n\t\t\t\t\t\t\t\t<div class=\"uagb-post-loader-1\"><\/div>\n\t\t\t\t\t\t\t\t<div class=\"uagb-post-loader-2\"><\/div>\n\t\t\t\t\t\t\t\t<div class=\"uagb-post-loader-3\"><\/div>\n\t\t\t\t\t\t\t<\/div>\n\t\t\t\t\t\t\t\t\t\t<\/div>\n\t\t\t<\/div>\n<\/div><\/div>\n\n\n\n<p><\/p>\n","protected":false},"excerpt":{"rendered":"","protected":false},"author":2,"featured_media":0,"parent":0,"menu_order":0,"comment_status":"closed","ping_status":"closed","template":"","meta":{"_uag_custom_page_level_css":"","site-sidebar-layout":"default","site-content-layout":"","ast-site-content-layout":"default","site-content-style":"default","site-sidebar-style":"default","ast-global-header-display":"","ast-banner-title-visibility":"","ast-main-header-display":"","ast-hfb-above-header-display":"","ast-hfb-below-header-display":"","ast-hfb-mobile-header-display":"","site-post-title":"","ast-breadcrumbs-content":"","ast-featured-img":"","footer-sml-layout":"","ast-disable-related-posts":"","theme-transparent-header-meta":"default","adv-header-id-meta":"","stick-header-meta":"","header-above-stick-meta":"","header-main-stick-meta":"","header-below-stick-meta":"","astra-migrate-meta-layouts":"set","ast-page-background-enabled":"default","ast-page-background-meta":{"desktop":{"background-color":"var(--ast-global-color-4)","background-image":"","background-repeat":"repeat","background-position":"center center","background-size":"auto","background-attachment":"scroll","background-type":"","background-media":"","overlay-type":"","overlay-color":"","overlay-opacity":"","overlay-gradient":""},"tablet":{"background-color":"","background-image":"","background-repeat":"repeat","background-position":"center center","background-size":"auto","background-attachment":"scroll","background-type":"","background-media":"","overlay-type":"","overlay-color":"","overlay-opacity":"","overlay-gradient":""},"mobile":{"background-color":"","background-image":"","background-repeat":"repeat","background-position":"center center","background-size":"auto","background-attachment":"scroll","background-type":"","background-media":"","overlay-type":"","overlay-color":"","overlay-opacity":"","overlay-gradient":""}},"ast-content-background-meta":{"desktop":{"background-color":"var(--ast-global-color-5)","background-image":"","background-repeat":"repeat","background-position":"center center","background-size":"auto","background-attachment":"scroll","background-type":"","background-media":"","overlay-type":"","overlay-color":"","overlay-opacity":"","overlay-gradient":""},"tablet":{"background-color":"var(--ast-global-color-5)","background-image":"","background-repeat":"repeat","background-position":"center center","background-size":"auto","background-attachment":"scroll","background-type":"","background-media":"","overlay-type":"","overlay-color":"","overlay-opacity":"","overlay-gradient":""},"mobile":{"background-color":"var(--ast-global-color-5)","background-image":"","background-repeat":"repeat","background-position":"center center","background-size":"auto","background-attachment":"scroll","background-type":"","background-media":"","overlay-type":"","overlay-color":"","overlay-opacity":"","overlay-gradient":""}},"footnotes":""},"class_list":["post-5630","page","type-page","status-publish","hentry"],"uagb_featured_image_src":{"full":false,"thumbnail":false,"medium":false,"medium_large":false,"large":false,"1536x1536":false,"2048x2048":false},"uagb_author_info":{"display_name":"Fatec Zona Sul","author_link":"https:\/\/fateczonasul.edu.br\/index.php\/author\/fateczonasul\/"},"uagb_comment_info":0,"uagb_excerpt":null,"_links":{"self":[{"href":"https:\/\/fateczonasul.edu.br\/index.php\/wp-json\/wp\/v2\/pages\/5630","targetHints":{"allow":["GET"]}}],"collection":[{"href":"https:\/\/fateczonasul.edu.br\/index.php\/wp-json\/wp\/v2\/pages"}],"about":[{"href":"https:\/\/fateczonasul.edu.br\/index.php\/wp-json\/wp\/v2\/types\/page"}],"author":[{"embeddable":true,"href":"https:\/\/fateczonasul.edu.br\/index.php\/wp-json\/wp\/v2\/users\/2"}],"replies":[{"embeddable":true,"href":"https:\/\/fateczonasul.edu.br\/index.php\/wp-json\/wp\/v2\/comments?post=5630"}],"version-history":[{"count":20,"href":"https:\/\/fateczonasul.edu.br\/index.php\/wp-json\/wp\/v2\/pages\/5630\/revisions"}],"predecessor-version":[{"id":5707,"href":"https:\/\/fateczonasul.edu.br\/index.php\/wp-json\/wp\/v2\/pages\/5630\/revisions\/5707"}],"wp:attachment":[{"href":"https:\/\/fateczonasul.edu.br\/index.php\/wp-json\/wp\/v2\/media?parent=5630"}],"curies":[{"name":"wp","href":"https:\/\/api.w.org\/{rel}","templated":true}]}}